  {"id":107,"date":"2017-01-12T10:35:24","date_gmt":"2017-01-12T08:35:24","guid":{"rendered":"http:\/\/isaw.net.gr\/myrtos\/?page_id=7"},"modified":"2019-07-11T10:12:56","modified_gmt":"2019-07-11T08:12:56","slug":"home","status":"publish","type":"page","link":"https:\/\/olympiamare.com\/it\/","title":{"rendered":"Home"},"content":{"rendered":"Cammina a piedi nudi nella sabbia e riposa nella dolce pace dell\u2019Olympia Mare, un hotel dall\u2019eleganza semplice e genuina in cui goderti una vacanza in pieno relax. Il nostro \u00e8 un piccolo albergo a gestione familiare con 18 stanze ben arredate e in stile minimalista, che gode di una posizione privilegiata: si trova infatti proprio su una spiaggia sabbiosa e ha accesso diretto al blu cristallino del mare.<\/p>\n<p>Lo stile semplice e l\u2019arredamento minimalista delle stanze dell\u2019Olympia Mare conferiscono all\u2019ambiente un fascino speciale. I loro colori caldi, le tinte naturali che richiamano alle tonalit\u00e0 cromatiche del legno e della pietra, le lenzuola di alta qualit\u00e0 e la spiccata cura dei dettagli assicurano ai nostri ospiti un soggiorno particolarmente confortevole. La chiara luce del giorno, il cielo notturno trapunto di stelle e gli splendidi colori del tramonto rendono ancora pi\u00f9 magica e cangiante la spettacolare vista sul mare aperto e sulle isole circostanti.<\/p>\n<p>L\u2019ambiente umano e cordiale dell\u2019Olympia Mare coinvolge e ispira anche i nostri ospiti, ai quali desideriamo offrire un\u2019esperienza autentica ed indimenticabile, in un\u2019atmosfera vivace e accogliente. Siamo sempre pronti a soddisfare le esigenze dei nostri clienti e a venire incontro alle loro disponibilit\u00e0 economiche. La nostra sincera ospitalit\u00e0 e il nostro eccellente servizio ti caleranno appieno nella realt\u00e0 locale dell\u2019isola.<\/p>\n<p>Un esempio di design urbano armonicamente immerso in un\u2019oasi di pace naturale. Il tutto a due passi dal mare\u2026","protected":false},"excerpt":{"rendered":"<p>Cammina a piedi nudi nella sabbia e riposa nella dolce pace dell\u2019Olympia Mare, un hotel dall\u2019eleganza semplice e genuina in cui goderti una vacanza in pieno relax. Il nostro \u00e8 un piccolo albergo a gestione familiare con 18 stanze ben&hellip;<\/p>\n","protected":false},"author":1,"featured_media":0,"parent":0,"menu_order":0,"comment_status":"closed","ping_status":"closed","template":"kobopages\/home.php","meta":[],"acf":[],"_links":{"self":[{"href":"https:\/\/olympiamare.com\/it\/wp-json\/wp\/v2\/pages\/107"}],"collection":[{"href":"https:\/\/olympiamare.com\/it\/wp-json\/wp\/v2\/pages"}],"about":[{"href":"https:\/\/olympiamare.com\/it\/wp-json\/wp\/v2\/types\/page"}],"author":[{"embeddable":true,"href":"https:\/\/olympiamare.com\/it\/wp-json\/wp\/v2\/users\/1"}],"replies":[{"embeddable":true,"href":"https:\/\/olympiamare.com\/it\/wp-json\/wp\/v2\/comments?post=107"}],"version-history":[{"count":4,"href":"https:\/\/olympiamare.com\/it\/wp-json\/wp\/v2\/pages\/107\/revisions"}],"predecessor-version":[{"id":1544,"href":"https:\/\/olympiamare.com\/it\/wp-json\/wp\/v2\/pages\/107\/revisions\/1544"}],"wp:attachment":[{"href":"https:\/\/olympiamare.com\/it\/wp-json\/wp\/v2\/media?parent=107"}],"curies":[{"name":"wp","href":"https:\/\/api.w.org\/{rel}","templated":true}]}}